{"id":5034,"date":"2025-03-10T18:47:14","date_gmt":"2025-03-10T17:47:14","guid":{"rendered":"https:\/\/tulipemedia.com\/?post_type=product&#038;p=5034"},"modified":"2025-11-01T14:54:08","modified_gmt":"2025-11-01T13:54:08","slug":"orderstock-pro","status":"publish","type":"product","link":"https:\/\/tulipemedia.com\/it\/produit\/orderstock-pro\/","title":{"rendered":"OrderStock Pro per WordPress"},"content":{"rendered":"<p>Trova la versione Pro qui <a href=\"https:\/\/wordpress.org\/plugins\/orderstock\/\" target=\"_blank\" rel=\"noopener\">il mio plugin WordPress OrderStock<\/a>, calibrato per aiutare i commercianti o qualsiasi organizzazione a gestire l&#039;inventario e a inoltrare ordini ai fornitori in modo ottimale.<\/p>\n<div>\n<h2 dir=\"auto\">OrderStock Pro: potenzia la gestione del tuo inventario con potenza e semplicit\u00e0!<\/h2>\n<p class=\"break-words\" dir=\"auto\"><em><strong>Trasforma la tua vita quotidiana come rivenditore con OrderStock Pro: la soluzione premium che porta la gestione del tuo inventario e dei tuoi ordini a un livello superiore. Progettato per ristoranti, rivenditori, servizi di catering e qualsiasi attivit\u00e0 esigente, OrderStock Pro unisce flessibilit\u00e0, efficienza e intelligenza per potenziare il tuo flusso di lavoro. Pronti a risparmiare tempo e ottimizzare le vostre operazioni?<\/strong><\/em><\/p>\n<h4 class=\"\" dir=\"auto\">Cosa ottieni gi\u00e0 gratuitamente \ud83c\udf89<\/h4>\n<p class=\"break-words\" dir=\"auto\">OrderStock nella sua versione gratuita getta le basi per una gestione semplice e potente:<\/p>\n<ul class=\"marker:text-secondary\" dir=\"auto\">\n<li class=\"break-words\"><strong>Aggiornamenti delle scorte senza interruzioni<\/strong> : Regola i livelli delle tue scorte in un batter d&#039;occhio tramite un&#039;interfaccia mobile intuitiva.<\/li>\n<li class=\"break-words\"><strong>Suggerimenti intelligenti<\/strong> : Scegli tra la modalit\u00e0 Previsione (vendite giornaliere \u00d7 periodo di rifornimento) o Soglia (livello critico e obiettivo) per quantit\u00e0 ottimizzate.<\/li>\n<li class=\"break-words\"><strong>Ordini con un clic<\/strong> : Genera PDF professionali e inviali ai tuoi fornitori direttamente da WordPress.<\/li>\n<li class=\"break-words\"><strong>Gestione dei fornitori<\/strong> : Associa i tuoi prodotti ai fornitori e filtrali facilmente.<\/li>\n<\/ul>\n<h4 class=\"\" dir=\"auto\">Funzionalit\u00e0 Premium per il controllo totale \u2728<\/h4>\n<p class=\"break-words\" dir=\"auto\">Con OrderStock Pro, disponibile su Tulipe Media, puoi fare un salto di qualit\u00e0 con strumenti potenti:<\/p>\n<ul class=\"marker:text-secondary\" dir=\"auto\">\n<li class=\"break-words\"><strong>Importazione\/esportazione semplificata<\/strong> : Aggiorna i tuoi prodotti in blocco utilizzando file CSV: ideale per grandi volumi o migrazioni rapide.<\/li>\n<li class=\"break-words\"><strong>Cronologia ordini e ricevute<\/strong> : Tieni traccia di ogni ordine, registra le quantit\u00e0 ricevute, annota i costi effettivi e modifica gli stati a colpo d&#039;occhio.<\/li>\n<li class=\"break-words\"><strong>Edizione di massa<\/strong> : Risparmia ore assegnando fornitori, aliquote fiscali o negozi a pi\u00f9 prodotti contemporaneamente.<\/li>\n<li class=\"break-words\"><strong>Multi-fornitore<\/strong> : Assegna pi\u00f9 fornitori per prodotto per una gestione degli acquisti estremamente flessibile.<\/li>\n<li class=\"break-words\"><strong>Gestione multi-negozio<\/strong> : Gestisci pi\u00f9 punti vendita da un&#039;unica dashboard con monitoraggio centralizzato dell&#039;inventario.<\/li>\n<li class=\"break-words\"><strong>Cucina centrale magica<\/strong> : Centralizzare gli ordini in un magazzino o nella cucina principale per una produzione fluida e organizzata.<\/li>\n<li class=\"break-words\"><strong>Consolidamento degli ordini<\/strong> : Raggruppa i tuoi ordini in un unico elenco di preparazione: perfetto per cucine o magazzini.<\/li>\n<li class=\"break-words\"><strong>Autorizzazioni del team<\/strong> : aggiungi utenti con ruoli personalizzati (editor di magazzino, gestori di ordini, ecc.) per delegare in modo sicuro.<\/li>\n<li class=\"break-words\"><strong>Istantanee di inventario<\/strong> : Registra lo stato del tuo inventario in qualsiasi momento per verifiche o contabilit\u00e0, con esportazioni PDF\/CSV dettagliate.<\/li>\n<li class=\"break-words\"><strong>Report avanzati<\/strong> : Immergiti in analisi approfondite e monitoraggio dei costi in tempo reale per aumentare la tua redditivit\u00e0.<\/li>\n<\/ul>\n<h4 class=\"\" dir=\"auto\">Perch\u00e9 OrderStock Pro? \ud83c\udf1f<\/h4>\n<ul class=\"marker:text-secondary\" dir=\"auto\">\n<li class=\"break-words\"><strong>Leggero e veloce<\/strong> : Nessuna spesa aggiuntiva, solo strumenti potenti che funzionano alla perfezione su tutti i tuoi dispositivi.<\/li>\n<li class=\"break-words\"><strong>Intuitivo<\/strong> : Progettato per i veri trader: non c&#039;\u00e8 bisogno di essere esperti di tecnologia per trarne il massimo vantaggio.<\/li>\n<li class=\"break-words\"><strong>Scalabile<\/strong> : Che tu gestisca una piccola impresa o una catena con pi\u00f9 sedi, OrderStock Pro cresce con te.<\/li>\n<\/ul>\n<h4 class=\"\" dir=\"auto\">Passa al livello successivo oggi stesso! \ud83d\ude80<\/h4>\n<p class=\"break-words\" dir=\"auto\">Non limitarti a gestire il tuo inventario: padroneggialo! Con OrderStock Pro risparmi tempo e denaro. Riduci gli errori e prendi decisioni informate grazie a strumenti progettati per il tuo successo. Questo plugin premium \u00e8 il tuo alleato per una gestione senza stress e una crescita assicurata.<\/p>\n<p class=\"break-words\" dir=\"auto\"><strong>Ordina subito la tua licenza<\/strong> e sfrutta appieno il potenziale di OrderStock Pro. Disponibile in pochi clic su Tulipe Media: perch\u00e9 la tua attivit\u00e0 merita il meglio!<\/p>\n<\/div>","protected":false},"excerpt":{"rendered":"<p>Retrouvez ici la version Pro de mon extension WordPress OrderStock, calibr\u00e9e pour aider les commer\u00e7ants ou n&rsquo;importe quelle organisation \u00e0 g\u00e9rer les stocks et passer des commandes aupr\u00e8s des fournisseurs de mani\u00e8re optimale. OrderStock Pro \u2013 Boostez Votre Gestion de Stock avec Puissance et Simplicit\u00e9 ! Transformez votre quotidien de commer\u00e7ant avec OrderStock Pro : [&hellip;]<\/p>\n","protected":false},"featured_media":5136,"comment_status":"open","ping_status":"closed","template":"","meta":[],"product_brand":[],"product_cat":[149],"product_tag":[],"class_list":{"0":"post-5034","1":"product","2":"type-product","3":"status-publish","4":"has-post-thumbnail","6":"product_cat-plugins-wp","8":"first","9":"instock","10":"downloadable","11":"virtual","12":"purchasable","13":"product-type-subscription"},"_links":{"self":[{"href":"https:\/\/tulipemedia.com\/it\/wp-json\/wp\/v2\/product\/5034","targetHints":{"allow":["GET"]}}],"collection":[{"href":"https:\/\/tulipemedia.com\/it\/wp-json\/wp\/v2\/product"}],"about":[{"href":"https:\/\/tulipemedia.com\/it\/wp-json\/wp\/v2\/types\/product"}],"replies":[{"embeddable":true,"href":"https:\/\/tulipemedia.com\/it\/wp-json\/wp\/v2\/comments?post=5034"}],"version-history":[{"count":3,"href":"https:\/\/tulipemedia.com\/it\/wp-json\/wp\/v2\/product\/5034\/revisions"}],"predecessor-version":[{"id":6041,"href":"https:\/\/tulipemedia.com\/it\/wp-json\/wp\/v2\/product\/5034\/revisions\/6041"}],"wp:featuredmedia":[{"embeddable":true,"href":"https:\/\/tulipemedia.com\/it\/wp-json\/wp\/v2\/media\/5136"}],"wp:attachment":[{"href":"https:\/\/tulipemedia.com\/it\/wp-json\/wp\/v2\/media?parent=5034"}],"wp:term":[{"taxonomy":"product_brand","embeddable":true,"href":"https:\/\/tulipemedia.com\/it\/wp-json\/wp\/v2\/product_brand?post=5034"},{"taxonomy":"product_cat","embeddable":true,"href":"https:\/\/tulipemedia.com\/it\/wp-json\/wp\/v2\/product_cat?post=5034"},{"taxonomy":"product_tag","embeddable":true,"href":"https:\/\/tulipemedia.com\/it\/wp-json\/wp\/v2\/product_tag?post=5034"}],"curies":[{"name":"wp","href":"https:\/\/api.w.org\/{rel}","templated":true}]}}