{"id":4595,"date":"2025-02-21T18:24:49","date_gmt":"2025-02-21T17:24:49","guid":{"rendered":"https:\/\/tulipemedia.com\/?post_type=product&#038;p=4595"},"modified":"2026-03-02T20:01:35","modified_gmt":"2026-03-02T19:01:35","slug":"aths-wordpress-premium","status":"publish","type":"product","link":"https:\/\/tulipemedia.com\/es\/produit\/aths-wordpress-premium\/","title":{"rendered":"A\u00f1adir a la pantalla de inicio y al complemento premium de la aplicaci\u00f3n web progresiva"},"content":{"rendered":"<p><strong>\u00bfQuieres que tus lectores accedan f\u00e1cilmente a tu sitio web desde la pantalla de inicio de su tel\u00e9fono inteligente en iOS y Android, como si fuera una aplicaci\u00f3n real?<\/strong> La versi\u00f3n gratuita de mi complemento <a href=\"https:\/\/tulipemedia.com\/es\/agregar-al-complemento-de-wordpress-de-la-pantalla-de-inicio\/\"><em>Agregar a la pantalla de inicio WP<\/em><\/a> Es un buen comienzo, pero las caracter\u00edsticas premium van a\u00fan m\u00e1s all\u00e1.<\/p>\n<h2><strong>\ud83d\udcbb Soporte completo para PWA<\/strong><\/h2>\n<p>Transforma tu sitio web <strong>pero tambi\u00e9n tu panel de WordPress<\/strong> en uno <em>Aplicaci\u00f3n web progresiva<\/em> r\u00e1pido y fluido.\u26a1 La PWA es un formato que permite que tu sitio <strong>Lanzar como aplicaci\u00f3n m\u00f3vil<\/strong>, para imitar el comportamiento de las aplicaciones nativas reales, pero sin el coste asociado al desarrollo de dichas aplicaciones.<\/p>\n<figure id=\"attachment_5566\" aria-describedby=\"caption-attachment-5566\" style=\"width: 900px\" class=\"wp-caption aligncenter\"><img loading=\"lazy\" decoding=\"async\" class=\"wp-image-5566 size-full\" src=\"https:\/\/tulipemedia.com\/wp-content\/uploads\/sites\/3\/2025\/02\/Add-to-Home-Screen-and-PWA-Pro-WP-Plugin.gif\" alt=\"A\u00f1adir a la pantalla de inicio y al complemento PWA Premium de WP\" width=\"900\" height=\"720\" title=\"\"><figcaption id=\"caption-attachment-5566\" class=\"wp-caption-text\">A\u00f1adir a la pantalla de inicio y al complemento PWA Premium de WP<\/figcaption><\/figure>\n<p>Con la versi\u00f3n Premium del plugin, te beneficias de opciones adicionales en comparaci\u00f3n con la versi\u00f3n gratuita, que detallaremos.<\/p>\n<h2><strong>Personalizaci\u00f3n de indicaciones para iOS y Android<\/strong><\/h2>\n<p>Con Agregar a la pantalla de inicio y la aplicaci\u00f3n web progresiva, un simple clic en <em>\u201cA\u00f1adir a la pantalla de inicio\u201d<\/em> Y listo \u2728, tu sitio web estar\u00e1 disponible en iPhone y Android, como una app m\u00f3vil, sin las complicaciones del desarrollo. Una aut\u00e9ntica revoluci\u00f3n para los sitios web, que sufren enormemente el dominio de las apps m\u00f3viles en t\u00e9rminos de audiencia y popularidad.<\/p>\n<p>Con la versi\u00f3n Pro de mi extensi\u00f3n Agregar a la pantalla de inicio, vaya a\u00fan m\u00e1s lejos: personalice la informaci\u00f3n sobre herramientas con <strong>Un \u00edcono \u00fanico y cautivador, distinto del \u00edcono est\u00e1ndar de su sitio.<\/strong>.<\/p>\n<p>\u00bfEl resultado? Una presentaci\u00f3n m\u00e1s atractiva que <strong>aumenta las conversiones<\/strong> en <strong>atrayendo la atenci\u00f3n<\/strong> de tus usuarios, reservando el \u00edcono oficial de tu sitio para la aplicaci\u00f3n una vez instalada en el smartphone del usuario. \u2728 \u00a1Ll\u00e9valo al siguiente nivel y haz que tu sitio brille en todos los smartphones!<\/p>\n<figure id=\"attachment_5543\" aria-describedby=\"caption-attachment-5543\" style=\"width: 1500px\" class=\"wp-caption aligncenter\"><img loading=\"lazy\" decoding=\"async\" class=\"wp-image-5543 size-full\" src=\"https:\/\/tulipemedia.com\/wp-content\/uploads\/sites\/3\/2025\/02\/Custom-Attractive-Icon-in-the-Floating-Balloon-of-the-Add-to-Home-Screen-WP-Plugin.png\" alt=\"\u00cdcono atractivo personalizado en el globo flotante del complemento Agregar a la pantalla de inicio de WP Premium\" width=\"1500\" height=\"1200\" title=\"\" srcset=\"https:\/\/tulipemedia.com\/wp-content\/uploads\/sites\/3\/2025\/02\/Custom-Attractive-Icon-in-the-Floating-Balloon-of-the-Add-to-Home-Screen-WP-Plugin.png 1500w, https:\/\/tulipemedia.com\/wp-content\/uploads\/sites\/3\/2025\/02\/Custom-Attractive-Icon-in-the-Floating-Balloon-of-the-Add-to-Home-Screen-WP-Plugin-300x240.png 300w, https:\/\/tulipemedia.com\/wp-content\/uploads\/sites\/3\/2025\/02\/Custom-Attractive-Icon-in-the-Floating-Balloon-of-the-Add-to-Home-Screen-WP-Plugin-1024x819.png 1024w, https:\/\/tulipemedia.com\/wp-content\/uploads\/sites\/3\/2025\/02\/Custom-Attractive-Icon-in-the-Floating-Balloon-of-the-Add-to-Home-Screen-WP-Plugin-768x614.png 768w, https:\/\/tulipemedia.com\/wp-content\/uploads\/sites\/3\/2025\/02\/Custom-Attractive-Icon-in-the-Floating-Balloon-of-the-Add-to-Home-Screen-WP-Plugin-15x12.png 15w, https:\/\/tulipemedia.com\/wp-content\/uploads\/sites\/3\/2025\/02\/Custom-Attractive-Icon-in-the-Floating-Balloon-of-the-Add-to-Home-Screen-WP-Plugin-1320x1056.png 1320w, https:\/\/tulipemedia.com\/wp-content\/uploads\/sites\/3\/2025\/02\/Custom-Attractive-Icon-in-the-Floating-Balloon-of-the-Add-to-Home-Screen-WP-Plugin-600x480.png 600w\" sizes=\"auto, (max-width: 1500px) 100vw, 1500px\" \/><figcaption id=\"caption-attachment-5543\" class=\"wp-caption-text\">\u00cdcono atractivo personalizado en el globo flotante del complemento Agregar a la pantalla de inicio de WP Premium<\/figcaption><\/figure>\n<h2><strong>\u23f3 Indicador de carga<\/strong><\/h2>\n<p>Con la versi\u00f3n Pro de la extensi\u00f3n, a\u00f1ade un elegante spinner a las transiciones de p\u00e1gina de tu aplicaci\u00f3n web para una navegaci\u00f3n fluida y profesional. Tu aplicaci\u00f3n web progresiva no tendr\u00e1 nada que envidiar a las aplicaciones m\u00f3viles nativas, \u00a1sin tener que invertir enormes cantidades en desarrollo!<\/p>\n<figure id=\"attachment_5515\" aria-describedby=\"caption-attachment-5515\" style=\"width: 900px\" class=\"wp-caption aligncenter\"><img loading=\"lazy\" decoding=\"async\" class=\"wp-image-5515 size-full\" src=\"https:\/\/tulipemedia.com\/wp-content\/uploads\/sites\/3\/2025\/02\/ATHS-Spinner.gif\" alt=\"Cargar el spinner entre p\u00e1ginas con el complemento premium Agregar a la pantalla de inicio\" width=\"900\" height=\"720\" title=\"\"><figcaption id=\"caption-attachment-5515\" class=\"wp-caption-text\">Cargar el spinner entre p\u00e1ginas con el complemento premium Agregar a la pantalla de inicio<\/figcaption><\/figure>\n<h2><strong data-start=\"395\" data-end=\"414\">Tirar para actualizar<\/strong><\/h2>\n<p>Ofrezca a sus usuarios un gesto de actualizaci\u00f3n de \u201cdeslizar hacia abajo\u201d para recargar p\u00e1ginas, tal como en las aplicaciones m\u00f3viles reales.<\/p>\n<figure id=\"attachment_5564\" aria-describedby=\"caption-attachment-5564\" style=\"width: 900px\" class=\"wp-caption aligncenter\"><img loading=\"lazy\" decoding=\"async\" class=\"wp-image-5564 size-full\" src=\"https:\/\/tulipemedia.com\/wp-content\/uploads\/sites\/3\/2025\/02\/Pull-to-Refresh-Add-to-Home-Screen-Pro.gif\" alt=\"Funcionalidad Tirar para Actualizar en el complemento Premium Agregar a la pantalla de inicio\" width=\"900\" height=\"720\" title=\"\"><figcaption id=\"caption-attachment-5564\" class=\"wp-caption-text\">Funcionalidad Tirar para Actualizar en el complemento Premium Agregar a la pantalla de inicio<\/figcaption><\/figure>\n<h2><strong data-start=\"1072\" data-end=\"1108\">\ud83c\udfa8 Colores y spinner a tu medida<\/strong><\/h2>\n<p>Personaliza la barra superior y el indicador de carga con los colores de tu marca para una experiencia de usuario verdaderamente inmersiva. Con esta funci\u00f3n, destacar\u00e1s ante los visitantes de tu sitio web, quienes asociar\u00e1n los colores que especificaste en las opciones de &quot;A\u00f1adir a la pantalla de inicio&quot; con tu marca.<\/p>\n<figure id=\"attachment_5569\" aria-describedby=\"caption-attachment-5569\" style=\"width: 938px\" class=\"wp-caption aligncenter\"><img loading=\"lazy\" decoding=\"async\" class=\"size-full wp-image-5569\" src=\"https:\/\/tulipemedia.com\/wp-content\/uploads\/sites\/3\/2025\/02\/Premium-Design-Features-of-Add-to-Home-Screen-Premium-Plugin.png\" alt=\"Funciones de dise\u00f1o premium del complemento premium Agregar a la pantalla de inicio\" width=\"938\" height=\"750\" title=\"\" srcset=\"https:\/\/tulipemedia.com\/wp-content\/uploads\/sites\/3\/2025\/02\/Premium-Design-Features-of-Add-to-Home-Screen-Premium-Plugin.png 938w, https:\/\/tulipemedia.com\/wp-content\/uploads\/sites\/3\/2025\/02\/Premium-Design-Features-of-Add-to-Home-Screen-Premium-Plugin-300x240.png 300w, https:\/\/tulipemedia.com\/wp-content\/uploads\/sites\/3\/2025\/02\/Premium-Design-Features-of-Add-to-Home-Screen-Premium-Plugin-768x614.png 768w, https:\/\/tulipemedia.com\/wp-content\/uploads\/sites\/3\/2025\/02\/Premium-Design-Features-of-Add-to-Home-Screen-Premium-Plugin-15x12.png 15w, https:\/\/tulipemedia.com\/wp-content\/uploads\/sites\/3\/2025\/02\/Premium-Design-Features-of-Add-to-Home-Screen-Premium-Plugin-600x480.png 600w\" sizes=\"auto, (max-width: 938px) 100vw, 938px\" \/><figcaption id=\"caption-attachment-5569\" class=\"wp-caption-text\">Funciones de dise\u00f1o premium del complemento premium Agregar a la pantalla de inicio<\/figcaption><\/figure>\n<figure id=\"attachment_5574\" aria-describedby=\"caption-attachment-5574\" style=\"width: 938px\" class=\"wp-caption aligncenter\"><img loading=\"lazy\" decoding=\"async\" class=\"size-full wp-image-5574\" src=\"https:\/\/tulipemedia.com\/wp-content\/uploads\/sites\/3\/2025\/02\/Custom-Colors-for-your-website-with-Add-to-Home-Screen-Premium-Plugin.png\" alt=\"Colores personalizados para su sitio web con el complemento premium Agregar a la pantalla de inicio\" width=\"938\" height=\"750\" title=\"\" srcset=\"https:\/\/tulipemedia.com\/wp-content\/uploads\/sites\/3\/2025\/02\/Custom-Colors-for-your-website-with-Add-to-Home-Screen-Premium-Plugin.png 938w, https:\/\/tulipemedia.com\/wp-content\/uploads\/sites\/3\/2025\/02\/Custom-Colors-for-your-website-with-Add-to-Home-Screen-Premium-Plugin-300x240.png 300w, https:\/\/tulipemedia.com\/wp-content\/uploads\/sites\/3\/2025\/02\/Custom-Colors-for-your-website-with-Add-to-Home-Screen-Premium-Plugin-768x614.png 768w, https:\/\/tulipemedia.com\/wp-content\/uploads\/sites\/3\/2025\/02\/Custom-Colors-for-your-website-with-Add-to-Home-Screen-Premium-Plugin-15x12.png 15w, https:\/\/tulipemedia.com\/wp-content\/uploads\/sites\/3\/2025\/02\/Custom-Colors-for-your-website-with-Add-to-Home-Screen-Premium-Plugin-600x480.png 600w\" sizes=\"auto, (max-width: 938px) 100vw, 938px\" \/><figcaption id=\"caption-attachment-5574\" class=\"wp-caption-text\">Colores personalizados para su sitio web con el complemento premium Agregar a la pantalla de inicio<\/figcaption><\/figure>\n<h2>\ud83e\ude84 <strong>Barra de navegaci\u00f3n inferior con botones Atr\u00e1s, Adelante y Compartir<\/strong><\/h2>\n<p>La experiencia m\u00f3vil solo est\u00e1 completa si el usuario puede navegar f\u00e1cilmente, <strong>como en una aplicaci\u00f3n real<\/strong>Esto ahora es posible con la versi\u00f3n Premium de Agregar a la pantalla de inicio y aplicaci\u00f3n web progresiva, que agrega <strong>una barra de navegaci\u00f3n inferior personalizable para su aplicaci\u00f3n web<\/strong>, con los botones <strong>Anterior, Siguiente y Compartir<\/strong>.<\/p>\n<figure id=\"attachment_5673\" aria-describedby=\"caption-attachment-5673\" style=\"width: 1500px\" class=\"wp-caption aligncenter\"><img loading=\"lazy\" decoding=\"async\" class=\"size-full wp-image-5673\" src=\"https:\/\/tulipemedia.com\/wp-content\/uploads\/sites\/3\/2025\/02\/ATHS-Bottom-Navigation-Bar.png\" alt=\"Barra de navegaci\u00f3n inferior con bot\u00f3n para compartir\" width=\"1500\" height=\"1200\" title=\"\" srcset=\"https:\/\/tulipemedia.com\/wp-content\/uploads\/sites\/3\/2025\/02\/ATHS-Bottom-Navigation-Bar.png 1500w, https:\/\/tulipemedia.com\/wp-content\/uploads\/sites\/3\/2025\/02\/ATHS-Bottom-Navigation-Bar-300x240.png 300w, https:\/\/tulipemedia.com\/wp-content\/uploads\/sites\/3\/2025\/02\/ATHS-Bottom-Navigation-Bar-1024x819.png 1024w, https:\/\/tulipemedia.com\/wp-content\/uploads\/sites\/3\/2025\/02\/ATHS-Bottom-Navigation-Bar-768x614.png 768w, https:\/\/tulipemedia.com\/wp-content\/uploads\/sites\/3\/2025\/02\/ATHS-Bottom-Navigation-Bar-15x12.png 15w, https:\/\/tulipemedia.com\/wp-content\/uploads\/sites\/3\/2025\/02\/ATHS-Bottom-Navigation-Bar-600x480.png 600w\" sizes=\"auto, (max-width: 1500px) 100vw, 1500px\" \/><figcaption id=\"caption-attachment-5673\" class=\"wp-caption-text\">Barra de navegaci\u00f3n inferior con bot\u00f3n para compartir<\/figcaption><\/figure>\n<p>Esta barra <strong>elegante<\/strong>, <strong>Ajustable a los colores de tu marca.<\/strong>, mejora la <strong>navegaci\u00f3n fluida<\/strong> para sus visitantes m\u00f3viles al tiempo que refuerza el aspecto de \u201caplicaci\u00f3n nativa\u201d de su sitio.<\/p>\n<p><strong>El bot\u00f3n Compartir abre el men\u00fa nativo del tel\u00e9fono inteligente.<\/strong>, para permitir que sus usuarios distribuyan su sitio f\u00e1cilmente.<\/p>\n<p>\u00a1Una experiencia a\u00fan m\u00e1s intuitiva y profesional, que aporta a tu Web App un valor a\u00f1adido real, tanto en t\u00e9rminos de ergonom\u00eda como de participaci\u00f3n del usuario!<\/p>\n<h2><strong data-start=\"889\" data-end=\"916\">\ud83d\udcc8 Monitoreo de la instalaci\u00f3n<\/strong><\/h2>\n<p>Realice un seguimiento de cu\u00e1ntos usuarios agregan su aplicaci\u00f3n web a su pantalla de inicio con estad\u00edsticas detalladas (divisi\u00f3n de iOS vs Android y cantidad de usuarios activos en los \u00faltimos 30 d\u00edas).<\/p>\n<figure id=\"attachment_5565\" aria-describedby=\"caption-attachment-5565\" style=\"width: 1500px\" class=\"wp-caption aligncenter\"><img loading=\"lazy\" decoding=\"async\" class=\"wp-image-5565 size-full\" src=\"https:\/\/tulipemedia.com\/wp-content\/uploads\/sites\/3\/2025\/02\/Install-Reports-of-PWA-users-Add-to-Home-Screen-Pro.png\" alt=\"Instalar estad\u00edsticas de usuarios de PWA con el complemento premium Agregar a la pantalla de inicio\" width=\"1500\" height=\"1200\" title=\"\" srcset=\"https:\/\/tulipemedia.com\/wp-content\/uploads\/sites\/3\/2025\/02\/Install-Reports-of-PWA-users-Add-to-Home-Screen-Pro.png 1500w, https:\/\/tulipemedia.com\/wp-content\/uploads\/sites\/3\/2025\/02\/Install-Reports-of-PWA-users-Add-to-Home-Screen-Pro-300x240.png 300w, https:\/\/tulipemedia.com\/wp-content\/uploads\/sites\/3\/2025\/02\/Install-Reports-of-PWA-users-Add-to-Home-Screen-Pro-1024x819.png 1024w, https:\/\/tulipemedia.com\/wp-content\/uploads\/sites\/3\/2025\/02\/Install-Reports-of-PWA-users-Add-to-Home-Screen-Pro-768x614.png 768w, https:\/\/tulipemedia.com\/wp-content\/uploads\/sites\/3\/2025\/02\/Install-Reports-of-PWA-users-Add-to-Home-Screen-Pro-15x12.png 15w, https:\/\/tulipemedia.com\/wp-content\/uploads\/sites\/3\/2025\/02\/Install-Reports-of-PWA-users-Add-to-Home-Screen-Pro-1320x1056.png 1320w, https:\/\/tulipemedia.com\/wp-content\/uploads\/sites\/3\/2025\/02\/Install-Reports-of-PWA-users-Add-to-Home-Screen-Pro-600x480.png 600w\" sizes=\"auto, (max-width: 1500px) 100vw, 1500px\" \/><figcaption id=\"caption-attachment-5565\" class=\"wp-caption-text\">Instalar estad\u00edsticas de usuarios de PWA con el complemento premium Agregar a la pantalla de inicio<\/figcaption><\/figure>\n<h2 class=\"p1\">\u2728 <strong data-start=\"1338\" data-end=\"1366\">Soporte avanzado para m\u00faltiples sitios<\/strong><\/h2>\n<p class=\"p1\">Pocas personas lo saben, pero <em>Agregar a la pantalla de inicio y a la aplicaci\u00f3n web progresiva<\/em> Tambi\u00e9n se pens\u00f3 en ello <strong>Tanto para sitios individuales como para multisitios en WordPress<\/strong>Si administras una red de sitios en WordPress, puedes administrar la configuraci\u00f3n (Gratis y Pro) de la extensi\u00f3n. <strong>a nivel de una red multisitio<\/strong> para <strong>comportamiento uniforme en todos los subsitios de su red<\/strong>, o personalizar la configuraci\u00f3n de la extensi\u00f3n <strong>para cada subsitio<\/strong>\u00a1Seg\u00fan tus necesidades!<\/p>\n<p class=\"p1\">Este enfoque es ideal para quienes gestionan una red de sitios, como cadenas de restaurantes, franquicias, hoteles o agregadores.<\/p>\n<p>Si desea configurar la extensi\u00f3n a nivel de red, active &quot;A\u00f1adir a la pantalla de inicio y a la aplicaci\u00f3n web progresiva&quot; y modifique las opciones de la extensi\u00f3n en &quot;Opciones de red de ATHS&quot;. Si desea que los subsitios administren su configuraci\u00f3n, desactive la extensi\u00f3n a nivel de red y act\u00edvela para los subsitios de la red.<\/p>\n<figure id=\"attachment_5568\" aria-describedby=\"caption-attachment-5568\" style=\"width: 938px\" class=\"wp-caption aligncenter\"><img loading=\"lazy\" decoding=\"async\" class=\"size-full wp-image-5568\" src=\"https:\/\/tulipemedia.com\/wp-content\/uploads\/sites\/3\/2025\/02\/Add-to-Home-Screen-and-PWA-for-MultiSites-Network.png\" alt=\"Agregar a la pantalla de inicio y configuraci\u00f3n de PWA para la red MultiSites\" width=\"938\" height=\"750\" title=\"\" srcset=\"https:\/\/tulipemedia.com\/wp-content\/uploads\/sites\/3\/2025\/02\/Add-to-Home-Screen-and-PWA-for-MultiSites-Network.png 938w, https:\/\/tulipemedia.com\/wp-content\/uploads\/sites\/3\/2025\/02\/Add-to-Home-Screen-and-PWA-for-MultiSites-Network-300x240.png 300w, https:\/\/tulipemedia.com\/wp-content\/uploads\/sites\/3\/2025\/02\/Add-to-Home-Screen-and-PWA-for-MultiSites-Network-768x614.png 768w, https:\/\/tulipemedia.com\/wp-content\/uploads\/sites\/3\/2025\/02\/Add-to-Home-Screen-and-PWA-for-MultiSites-Network-15x12.png 15w, https:\/\/tulipemedia.com\/wp-content\/uploads\/sites\/3\/2025\/02\/Add-to-Home-Screen-and-PWA-for-MultiSites-Network-600x480.png 600w\" sizes=\"auto, (max-width: 938px) 100vw, 938px\" \/><figcaption id=\"caption-attachment-5568\" class=\"wp-caption-text\">Agregar a la pantalla de inicio y configuraci\u00f3n de PWA para la red MultiSites<\/figcaption><\/figure>\n<h2 class=\"p1\"><strong data-start=\"1338\" data-end=\"1366\">\ud83d\udd79\ufe0f El panel de WordPress finalmente en Progressive Web App con Add to Home Screen Premium<\/strong><\/h2>\n<p>Agregar a la pantalla de inicio y la aplicaci\u00f3n web progresiva La versi\u00f3n Premium es la \u00fanica extensi\u00f3n de WordPress que le permite <strong>Transformar el panel de WordPress en PWA<\/strong>, es decir en una verdadera experiencia m\u00f3vil similar a una aplicaci\u00f3n nativa.<\/p>\n<p>En realidad necesitaba una funci\u00f3n de este tipo para varios de mis sitios. <a href=\"https:\/\/merco6.com\" target=\"_blank\" rel=\"noopener\">Merco6<\/a> por ejemplo, que es mi sitio para publicar textos y poes\u00eda, necesitaba <strong>Validar publicaciones enviadas por los usuarios con un toque de un dedo<\/strong>, <strong>Sin tener que iniciar el panel de WordPress cada vez a trav\u00e9s de mi navegador Safari o Google Chrome<\/strong>A trav\u00e9s del icono a\u00f1adido a mi pantalla de inicio, me encuentro en la lista de art\u00edculos pendientes de revisi\u00f3n, y todo lo que tengo que hacer es ponerlos en l\u00ednea. <strong>Sencillo, pr\u00e1ctico, r\u00e1pido y eficiente.<\/strong>.<\/p>\n<figure id=\"attachment_5635\" aria-describedby=\"caption-attachment-5635\" style=\"width: 900px\" class=\"wp-caption aligncenter\"><img loading=\"lazy\" decoding=\"async\" class=\"size-full wp-image-5635\" src=\"https:\/\/tulipemedia.com\/wp-content\/uploads\/sites\/3\/2025\/02\/ATHS-WordPress-Dashboard-in-PWA.gif\" alt=\"Panel de WordPress en modo PWA con complemento WP para a\u00f1adir a la pantalla de inicio\" width=\"900\" height=\"720\" title=\"\"><figcaption id=\"caption-attachment-5635\" class=\"wp-caption-text\">Panel de WordPress en modo PWA con complemento WP para a\u00f1adir a la pantalla de inicio<\/figcaption><\/figure>\n<p>Adem\u00e1s, en mi sitio SaaS <a href=\"https:\/\/tulipwork.com\" target=\"_blank\" rel=\"noopener\">tulipwork<\/a>Comercializo soluciones en l\u00ednea para minoristas y restaurantes: una herramienta de gesti\u00f3n de inventario y una herramienta de seguimiento de facturas en particular. Sin embargo, <strong>Estas herramientas est\u00e1n dise\u00f1adas para usarse directamente en el panel de WordPress.<\/strong>.<\/p>\n<p>Por lo tanto, si el comerciante, o su empleado, tiene que iniciar el navegador cada vez para iniciar sesi\u00f3n en el panel de WordPress, <strong>Esto puede causar cierta resistencia<\/strong>.<\/p>\n<p>Para ofrecer una experiencia real a mis usuarios y agilizar el proceso, <strong>Activ\u00e9 la PWA en el panel de WordPress<\/strong> en las opciones profesionales de mi extensi\u00f3n Agregar a la pantalla de inicio y aplicaci\u00f3n web progresiva, que permite a mis clientes agregar el panel de WordPress a la pantalla de inicio de su tel\u00e9fono inteligente y <strong>Lanza este panel en PWA como una aplicaci\u00f3n m\u00f3vil real<\/strong>, con spinner de carga suave entre p\u00e1ginas y colores totalmente personalizados.<\/p>\n<figure id=\"attachment_5570\" aria-describedby=\"caption-attachment-5570\" style=\"width: 900px\" class=\"wp-caption aligncenter\"><img loading=\"lazy\" decoding=\"async\" class=\"size-full wp-image-5570\" src=\"https:\/\/tulipemedia.com\/wp-content\/uploads\/sites\/3\/2025\/02\/Turn-the-WordPress-Dashboard-into-a-Progressive-Web-App-with-Add-to-Home-Screen-Premium-Plugin.gif\" alt=\"Convierte el panel de WordPress en una aplicaci\u00f3n web progresiva con el complemento premium Agregar a la pantalla de inicio\" width=\"900\" height=\"720\" title=\"\"><figcaption id=\"caption-attachment-5570\" class=\"wp-caption-text\">Convierte el panel de WordPress en una aplicaci\u00f3n web progresiva con el complemento premium Agregar a la pantalla de inicio<\/figcaption><\/figure>\n<p>Por lo tanto, es mucho m\u00e1s probable que los usuarios... <strong>Utilice el panel de control en su aplicaci\u00f3n web<\/strong> en lugar de tener que pasar por el navegador de su tel\u00e9fono inteligente. Iniciar la herramienta a trav\u00e9s de <strong>El icono a\u00f1adido a su pantalla de inicio es mucho m\u00e1s f\u00e1cil para ellos.<\/strong> que tener que buscar la direcci\u00f3n del sitio web y escribirla en la barra de b\u00fasqueda del navegador para acceder a \u00e9l.<\/p>\n<h2 class=\"p1\"><strong data-start=\"1338\" data-end=\"1366\">Dale a tu sitio web lo que se merece con A\u00f1adir a la pantalla de inicio Premium<\/strong><\/h2>\n<p>\ud83c\udf81Sube de nivel ahora y <strong>Obt\u00e9n tu licencia Premium. Regresa a la parte superior de la p\u00e1gina, realiza tu pedido, descarga la extensi\u00f3n Premium, act\u00edvala junto con la extensi\u00f3n gratuita e introduce tu clave de licencia, que puedes obtener desde tu cuenta de Tulipemedia.<\/strong><\/p>\n<p>\ud83d\uddd3\ufe0f La licencia es v\u00e1lida por un a\u00f1o y, por supuesto, puedes <strong>detener la suscripci\u00f3n<\/strong>\u00a0en Agregar a la pantalla de inicio y aplicaci\u00f3n web progresiva\u00a0<strong>en cualquier momento<\/strong>.<\/p>\n<p>\ud83d\udcf1\ud83d\udc40 <strong>Para ver la demostraci\u00f3n, consulte la versi\u00f3n Pro en <a class=\"\" href=\"https:\/\/merco6.com\" target=\"_blank\" rel=\"noopener\" data-start=\"120\" data-end=\"152\">merco6.com<\/a> \u2014Se recomienda la vista m\u00f3vil. <\/strong>All\u00ed ver\u00e1s la atractiva y personalizada informaci\u00f3n sobre herramientas, la <strong data-start=\"200\" data-end=\"234\">Barra superior personalizada en los colores del sitio<\/strong> y el <strong data-start=\"241\" data-end=\"266\">spinner de carga<\/strong> En acci\u00f3n: elementos totalmente personalizables en la versi\u00f3n Premium. A\u00f1ade merco6 como app web a tu smartphone para probar la extensi\u00f3n como cualquier otro visitante.<\/p>","protected":false},"excerpt":{"rendered":"<p class=\"p1\">\ud83c\udf1f <strong>Desbloquea funciones premium<\/strong> de la extensi\u00f3n de WordPress <a href=\"https:\/\/wordpress.org\/plugins\/add-to-home-screen-wp\/\" target=\"_blank\" rel=\"noopener\">Agregar a la pantalla de inicio y aplicaci\u00f3n web progresiva<\/a>, incluido:<\/p>\n<ul>\n<li class=\"p1\">EL <strong>spinner de carga<\/strong> entre las p\u00e1ginas<\/li>\n<li class=\"p1\">La funcionalidad <strong>&quot;tirar para actualizar&quot;<\/strong><\/li>\n<li>All\u00e1 <strong>barra de navegaci\u00f3n<\/strong> bajar con <strong>Botones Anterior, Siguiente y Compartir<\/strong><\/li>\n<li class=\"p1\">All\u00e1 <strong>Transformaci\u00f3n del panel de control de WordPress en una verdadera aplicaci\u00f3n web m\u00f3vil<\/strong><\/li>\n<li class=\"p1\">EL <strong>Monitoreo de instalaciones<\/strong> y usuarios activos de su aplicaci\u00f3n web<\/li>\n<li class=\"p1\">All\u00e1 <strong>personalizaci\u00f3n<\/strong> colores e iconos y mucho m\u00e1s por venir\u2026<\/li>\n<\/ul>\n<p>La licencia es v\u00e1lida por un a\u00f1o y, por supuesto, puedes <strong>detener la suscripci\u00f3n<\/strong> en Agregar a la pantalla de inicio y aplicaci\u00f3n web progresiva <strong>en cualquier momento<\/strong>.<\/p>","protected":false},"featured_media":5539,"comment_status":"open","ping_status":"closed","template":"","meta":[],"product_brand":[],"product_cat":[149],"product_tag":[],"class_list":{"0":"post-4595","1":"product","2":"type-product","3":"status-publish","4":"has-post-thumbnail","6":"product_cat-plugins-wp","8":"first","9":"instock","10":"downloadable","11":"virtual","12":"purchasable","13":"product-type-subscription"},"_links":{"self":[{"href":"https:\/\/tulipemedia.com\/es\/wp-json\/wp\/v2\/product\/4595","targetHints":{"allow":["GET"]}}],"collection":[{"href":"https:\/\/tulipemedia.com\/es\/wp-json\/wp\/v2\/product"}],"about":[{"href":"https:\/\/tulipemedia.com\/es\/wp-json\/wp\/v2\/types\/product"}],"replies":[{"embeddable":true,"href":"https:\/\/tulipemedia.com\/es\/wp-json\/wp\/v2\/comments?post=4595"}],"version-history":[{"count":4,"href":"https:\/\/tulipemedia.com\/es\/wp-json\/wp\/v2\/product\/4595\/revisions"}],"predecessor-version":[{"id":5677,"href":"https:\/\/tulipemedia.com\/es\/wp-json\/wp\/v2\/product\/4595\/revisions\/5677"}],"wp:featuredmedia":[{"embeddable":true,"href":"https:\/\/tulipemedia.com\/es\/wp-json\/wp\/v2\/media\/5539"}],"wp:attachment":[{"href":"https:\/\/tulipemedia.com\/es\/wp-json\/wp\/v2\/media?parent=4595"}],"wp:term":[{"taxonomy":"product_brand","embeddable":true,"href":"https:\/\/tulipemedia.com\/es\/wp-json\/wp\/v2\/product_brand?post=4595"},{"taxonomy":"product_cat","embeddable":true,"href":"https:\/\/tulipemedia.com\/es\/wp-json\/wp\/v2\/product_cat?post=4595"},{"taxonomy":"product_tag","embeddable":true,"href":"https:\/\/tulipemedia.com\/es\/wp-json\/wp\/v2\/product_tag?post=4595"}],"curies":[{"name":"gracias","href":"https:\/\/api.w.org\/{rel}","templated":true}]}}