{"id":836,"date":"2013-01-21T00:24:04","date_gmt":"2013-01-20T22:24:04","guid":{"rendered":"https:\/\/tulipemedia.com\/?page_id=836"},"modified":"2025-06-06T19:20:38","modified_gmt":"2025-06-06T17:20:38","slug":"libros-blancos","status":"publish","type":"page","link":"https:\/\/tulipemedia.com\/es\/livres-blancs\/","title":{"rendered":"Libros blancos: Cursos sencillos sobre SEO, WordPress, tecnolog\u00eda alimentaria, digital y emprendimiento"},"content":{"rendered":"<p>Esta p\u00e1gina le permite clasificar <strong>el contenido principal del sitio por dominio<\/strong> En forma de cursos y formaci\u00f3n. Clasificados por tema, estos art\u00edculos constituyen, por lo tanto, libros blancos, que puede consultar a continuaci\u00f3n.<\/p>\n<ul>\n<li><a href=\"https:\/\/tulipemedia.com\/es\/guide-seo-ia\/\">Capacitaci\u00f3n 1: Optimizaci\u00f3n del SEO para IA<\/a><\/li>\n<li><a href=\"https:\/\/tulipemedia.com\/es\/wordpress-guide\/\">Entrenamiento 2: Mi gu\u00eda definitiva para WordPress<\/a><\/li>\n<li><a href=\"https:\/\/tulipemedia.com\/es\/curso-de-foodtech-para-restaurantes\/\"><span style=\"font-family: -apple-system, BlinkMacSystemFont, 'Segoe UI', Roboto, 'Helvetica Neue', Arial, 'Noto Sans', sans-serif, 'Apple Color Emoji', 'Segoe UI Emoji', 'Segoe UI Symbol', 'Noto Color Emoji';\">Formaci\u00f3n 3: Foodtech: la gu\u00eda definitiva para restauradores<\/span><\/a><\/li>\n<li><a href=\"https:\/\/tulipemedia.com\/es\/curso-de-digitalizacion-de-organizaciones\/\">Formaci\u00f3n 4: Gesti\u00f3n 2.0: introducci\u00f3n a la digitalizaci\u00f3n de una organizaci\u00f3n<\/a><\/li>\n<li><a href=\"https:\/\/tulipemedia.com\/es\/curso-de-redes-sociales\/\">Formaci\u00f3n 5: Las redes sociales explicadas a todos<\/a><\/li>\n<\/ul>\n<p>Aqu\u00ed tambi\u00e9n encontrar\u00e1s otros contenidos \u00fatiles:<\/p>\n<p><strong>Estrategia SEO y referenciamiento<\/strong><\/p>\n<ul>\n<li><a href=\"https:\/\/tulipemedia.com\/es\/aumentar-el-trafico-del-sitio-combinando-contenido-push-y-contenido-pull\/\">Empuje contenido y extraiga contenido para aumentar la audiencia de un sitio web<\/a><\/li>\n<li><a href=\"https:\/\/tulipemedia.com\/es\/diferencia-de-blog-de-seo-entre-etiqueta-y-categoria\/\">Etiqueta y categor\u00edas: saber aprovechar las diferencias taxon\u00f3micas<\/a><\/li>\n<\/ul>\n<p><strong>Comunicaci\u00f3n<\/strong><\/p>\n<ul>\n<li><a href=\"https:\/\/tulipemedia.com\/es\/cartel-impreso-del-sitio-web-de-colores-asociados\/\">Visuales: 5 consejos para elegir los colores adecuados<\/a><\/li>\n<\/ul>","protected":false},"excerpt":{"rendered":"<p>Cette page vous permet de classer le top contenu du site par domaine sour forme de cours et de formation. Class\u00e9s par th\u00e8me, ces articles constituent donc des livres blancs, que vous pourrez consulter ci-dessous. Formation 1 : Optimiser le SEO pour les IA Formation 2 : Mon guide ultime pour WordPress Formation 3 : [&hellip;]<\/p>\n","protected":false},"author":17,"featured_media":0,"parent":0,"menu_order":0,"comment_status":"open","ping_status":"closed","template":"","meta":{"footnotes":""},"class_list":["post-836","page","type-page","status-publish","hentry"],"_links":{"self":[{"href":"https:\/\/tulipemedia.com\/es\/wp-json\/wp\/v2\/pages\/836","targetHints":{"allow":["GET"]}}],"collection":[{"href":"https:\/\/tulipemedia.com\/es\/wp-json\/wp\/v2\/pages"}],"about":[{"href":"https:\/\/tulipemedia.com\/es\/wp-json\/wp\/v2\/types\/page"}],"author":[{"embeddable":true,"href":"https:\/\/tulipemedia.com\/es\/wp-json\/wp\/v2\/users\/17"}],"replies":[{"embeddable":true,"href":"https:\/\/tulipemedia.com\/es\/wp-json\/wp\/v2\/comments?post=836"}],"version-history":[{"count":2,"href":"https:\/\/tulipemedia.com\/es\/wp-json\/wp\/v2\/pages\/836\/revisions"}],"predecessor-version":[{"id":5497,"href":"https:\/\/tulipemedia.com\/es\/wp-json\/wp\/v2\/pages\/836\/revisions\/5497"}],"wp:attachment":[{"href":"https:\/\/tulipemedia.com\/es\/wp-json\/wp\/v2\/media?parent=836"}],"curies":[{"name":"gracias","href":"https:\/\/api.w.org\/{rel}","templated":true}]}}