{"id":4595,"date":"2025-02-21T18:24:49","date_gmt":"2025-02-21T17:24:49","guid":{"rendered":"https:\/\/tulipemedia.com\/?post_type=product&#038;p=4595"},"modified":"2026-03-02T20:01:35","modified_gmt":"2026-03-02T19:01:35","slug":"aths-wordpress-premium","status":"publish","type":"product","link":"https:\/\/tulipemedia.com\/de\/produit\/aths-wordpress-premium\/","title":{"rendered":"Zum Home-Bildschirm hinzuf\u00fcgen &amp; Progressive Web App Premium-Plugin"},"content":{"rendered":"<p><strong>M\u00f6chten Sie, dass Ihre Leser ganz einfach vom Startbildschirm ihres Smartphones auf iOS und Android auf Ihre Website zugreifen k\u00f6nnen, genau wie bei einer echten App?<\/strong> Die kostenlose Version meines Plugins <a href=\"https:\/\/tulipemedia.com\/de\/wordpress-plugin-zum-startbildschirm-hinzufugen\/\"><em>Zum Startbildschirm hinzuf\u00fcgen WP<\/em><\/a> ist ein guter Anfang, aber die Premium-Funktionen gehen noch weiter.<\/p>\n<h2><strong>\ud83d\udcbb Vollst\u00e4ndige PWA-Unterst\u00fctzung<\/strong><\/h2>\n<p>Transformieren Sie Ihre Website <strong>sondern auch Ihr WordPress-Dashboard<\/strong> in einem <em>Progressive Web App<\/em> schnell und fl\u00fcssig.\u26a1 Die PWA ist ein Format, das es Ihrer Site erm\u00f6glicht, <strong>als mobile App starten<\/strong>, um das Verhalten echter nativer Anwendungen nachzuahmen, jedoch ohne die mit der Entwicklung solcher Anwendungen verbundenen Kosten.<\/p>\n<figure id=\"attachment_5566\" aria-describedby=\"caption-attachment-5566\" style=\"width: 900px\" class=\"wp-caption aligncenter\"><img loading=\"lazy\" decoding=\"async\" class=\"wp-image-5566 size-full\" src=\"https:\/\/tulipemedia.com\/wp-content\/uploads\/sites\/3\/2025\/02\/Add-to-Home-Screen-and-PWA-Pro-WP-Plugin.gif\" alt=\"Zum Home-Bildschirm und PWA Premium WP Plugin hinzuf\u00fcgen\" width=\"900\" height=\"720\" title=\"\"><figcaption id=\"caption-attachment-5566\" class=\"wp-caption-text\">Zum Home-Bildschirm und PWA Premium WP Plugin hinzuf\u00fcgen<\/figcaption><\/figure>\n<p>Mit der Premium-Version des Plugins profitieren Sie im Vergleich zur kostenlosen Version von zus\u00e4tzlichen M\u00f6glichkeiten, die wir Ihnen im Detail erl\u00e4utern.<\/p>\n<h2><strong>\ud83d\udcf2 iOS- und Android-Eingabeaufforderungsanpassung<\/strong><\/h2>\n<p>Mit Zum Home-Bildschirm hinzuf\u00fcgen &amp; Progressive Web App, ein einfacher Klick auf <em>\u201eZum Home-Bildschirm hinzuf\u00fcgen\u201c<\/em> Und schon ist Ihre Website auf iPhones und Android-Smartphones verf\u00fcgbar, genau wie eine echte mobile App, ganz ohne den Aufwand der App-Entwicklung. Eine echte Revolution f\u00fcr Websites, die in Bezug auf Publikum und Popularit\u00e4t stark unter der Dominanz mobiler Apps leiden.<\/p>\n<p>Mit der Pro-Version meiner Erweiterung \u201eZum Home-Bildschirm hinzuf\u00fcgen\u201c k\u00f6nnen Sie noch weiter gehen: Passen Sie den Tooltip an mit <strong>ein einzigartiges und ansprechendes Symbol, das sich vom Standardsymbol Ihrer Site unterscheidet<\/strong>.<\/p>\n<p>Das Ergebnis? Eine attraktivere Pr\u00e4sentation, die <strong>erh\u00f6ht die Konvertierungen<\/strong> In <strong>Aufmerksamkeit erregen<\/strong> Ihrer Benutzer, w\u00e4hrend das offizielle Symbol Ihrer Site f\u00fcr die Anwendung reserviert bleibt, sobald sie auf dem Smartphone des Benutzers installiert ist. \u2728 Gehen Sie auf die n\u00e4chste Ebene und lassen Sie Ihre Site auf jedem Smartphone gl\u00e4nzen!<\/p>\n<figure id=\"attachment_5543\" aria-describedby=\"caption-attachment-5543\" style=\"width: 1500px\" class=\"wp-caption aligncenter\"><img loading=\"lazy\" decoding=\"async\" class=\"wp-image-5543 size-full\" src=\"https:\/\/tulipemedia.com\/wp-content\/uploads\/sites\/3\/2025\/02\/Custom-Attractive-Icon-in-the-Floating-Balloon-of-the-Add-to-Home-Screen-WP-Plugin.png\" alt=\"Benutzerdefiniertes attraktives Symbol im schwebenden Ballon des WP Premium-Plugins \u201eZum Home-Bildschirm hinzuf\u00fcgen\u201c\" width=\"1500\" height=\"1200\" title=\"\" srcset=\"https:\/\/tulipemedia.com\/wp-content\/uploads\/sites\/3\/2025\/02\/Custom-Attractive-Icon-in-the-Floating-Balloon-of-the-Add-to-Home-Screen-WP-Plugin.png 1500w, https:\/\/tulipemedia.com\/wp-content\/uploads\/sites\/3\/2025\/02\/Custom-Attractive-Icon-in-the-Floating-Balloon-of-the-Add-to-Home-Screen-WP-Plugin-300x240.png 300w, https:\/\/tulipemedia.com\/wp-content\/uploads\/sites\/3\/2025\/02\/Custom-Attractive-Icon-in-the-Floating-Balloon-of-the-Add-to-Home-Screen-WP-Plugin-1024x819.png 1024w, https:\/\/tulipemedia.com\/wp-content\/uploads\/sites\/3\/2025\/02\/Custom-Attractive-Icon-in-the-Floating-Balloon-of-the-Add-to-Home-Screen-WP-Plugin-768x614.png 768w, https:\/\/tulipemedia.com\/wp-content\/uploads\/sites\/3\/2025\/02\/Custom-Attractive-Icon-in-the-Floating-Balloon-of-the-Add-to-Home-Screen-WP-Plugin-15x12.png 15w, https:\/\/tulipemedia.com\/wp-content\/uploads\/sites\/3\/2025\/02\/Custom-Attractive-Icon-in-the-Floating-Balloon-of-the-Add-to-Home-Screen-WP-Plugin-1320x1056.png 1320w, https:\/\/tulipemedia.com\/wp-content\/uploads\/sites\/3\/2025\/02\/Custom-Attractive-Icon-in-the-Floating-Balloon-of-the-Add-to-Home-Screen-WP-Plugin-600x480.png 600w\" sizes=\"auto, (max-width: 1500px) 100vw, 1500px\" \/><figcaption id=\"caption-attachment-5543\" class=\"wp-caption-text\">Benutzerdefiniertes attraktives Symbol im schwebenden Ballon des WP Premium-Plugins \u201eZum Home-Bildschirm hinzuf\u00fcgen\u201c<\/figcaption><\/figure>\n<h2><strong>\u23f3 Ladeanzeige<\/strong><\/h2>\n<p>Mit der Pro-Version der Erweiterung k\u00f6nnen Sie Seiten\u00fcberg\u00e4nge in Ihrer Web-App mit einem eleganten Spinner versehen und so eine reibungslose, professionelle Navigation erm\u00f6glichen. Ihre progressive Web-App steht nativen mobilen Apps in nichts nach, ohne dass Sie astronomische Kosten f\u00fcr die App-Entwicklung aufwenden m\u00fcssen!<\/p>\n<figure id=\"attachment_5515\" aria-describedby=\"caption-attachment-5515\" style=\"width: 900px\" class=\"wp-caption aligncenter\"><img loading=\"lazy\" decoding=\"async\" class=\"wp-image-5515 size-full\" src=\"https:\/\/tulipemedia.com\/wp-content\/uploads\/sites\/3\/2025\/02\/ATHS-Spinner.gif\" alt=\"Lade-Spinner zwischen Seiten mit dem Premium-Plugin \u201eZum Home-Bildschirm hinzuf\u00fcgen\u201c\" width=\"900\" height=\"720\" title=\"\"><figcaption id=\"caption-attachment-5515\" class=\"wp-caption-text\">Lade-Spinner zwischen Seiten mit dem Premium-Plugin \u201eZum Home-Bildschirm hinzuf\u00fcgen\u201c<\/figcaption><\/figure>\n<h2><strong data-start=\"395\" data-end=\"414\">\ud83d\udd04 Zum Aktualisieren ziehen<\/strong><\/h2>\n<p>Geben Sie Ihren Benutzern die M\u00f6glichkeit, Seiten mit der Wischgeste nach unten neu zu laden, genau wie in echten mobilen Apps.<\/p>\n<figure id=\"attachment_5564\" aria-describedby=\"caption-attachment-5564\" style=\"width: 900px\" class=\"wp-caption aligncenter\"><img loading=\"lazy\" decoding=\"async\" class=\"wp-image-5564 size-full\" src=\"https:\/\/tulipemedia.com\/wp-content\/uploads\/sites\/3\/2025\/02\/Pull-to-Refresh-Add-to-Home-Screen-Pro.gif\" alt=\"Pull-to-Refresh-Funktion im Premium-Plugin \u201eZum Home-Bildschirm hinzuf\u00fcgen\u201c\" width=\"900\" height=\"720\" title=\"\"><figcaption id=\"caption-attachment-5564\" class=\"wp-caption-text\">Pull-to-Refresh-Funktion im Premium-Plugin \u201eZum Home-Bildschirm hinzuf\u00fcgen\u201c<\/figcaption><\/figure>\n<h2><strong data-start=\"1072\" data-end=\"1108\">\ud83c\udfa8 Farben und Spinner passend zu Ihnen<\/strong><\/h2>\n<p>Passen Sie die obere Leiste und den Ladeindikator mit Ihren Markenfarben an und sorgen Sie so f\u00fcr ein beeindruckendes Benutzererlebnis. Mit dieser Funktion heben Sie sich von Ihren Website-Besuchern ab, die die in den Optionen \u201eZum Home-Bildschirm hinzuf\u00fcgen\u201c festgelegten Farben mit Ihrer Marke assoziieren!<\/p>\n<figure id=\"attachment_5569\" aria-describedby=\"caption-attachment-5569\" style=\"width: 938px\" class=\"wp-caption aligncenter\"><img loading=\"lazy\" decoding=\"async\" class=\"size-full wp-image-5569\" src=\"https:\/\/tulipemedia.com\/wp-content\/uploads\/sites\/3\/2025\/02\/Premium-Design-Features-of-Add-to-Home-Screen-Premium-Plugin.png\" alt=\"Premium-Designfunktionen des Premium-Plugins \u201eZum Home-Bildschirm hinzuf\u00fcgen\u201c\" width=\"938\" height=\"750\" title=\"\" srcset=\"https:\/\/tulipemedia.com\/wp-content\/uploads\/sites\/3\/2025\/02\/Premium-Design-Features-of-Add-to-Home-Screen-Premium-Plugin.png 938w, https:\/\/tulipemedia.com\/wp-content\/uploads\/sites\/3\/2025\/02\/Premium-Design-Features-of-Add-to-Home-Screen-Premium-Plugin-300x240.png 300w, https:\/\/tulipemedia.com\/wp-content\/uploads\/sites\/3\/2025\/02\/Premium-Design-Features-of-Add-to-Home-Screen-Premium-Plugin-768x614.png 768w, https:\/\/tulipemedia.com\/wp-content\/uploads\/sites\/3\/2025\/02\/Premium-Design-Features-of-Add-to-Home-Screen-Premium-Plugin-15x12.png 15w, https:\/\/tulipemedia.com\/wp-content\/uploads\/sites\/3\/2025\/02\/Premium-Design-Features-of-Add-to-Home-Screen-Premium-Plugin-600x480.png 600w\" sizes=\"auto, (max-width: 938px) 100vw, 938px\" \/><figcaption id=\"caption-attachment-5569\" class=\"wp-caption-text\">Premium-Designfunktionen des Premium-Plugins \u201eZum Home-Bildschirm hinzuf\u00fcgen\u201c<\/figcaption><\/figure>\n<figure id=\"attachment_5574\" aria-describedby=\"caption-attachment-5574\" style=\"width: 938px\" class=\"wp-caption aligncenter\"><img loading=\"lazy\" decoding=\"async\" class=\"size-full wp-image-5574\" src=\"https:\/\/tulipemedia.com\/wp-content\/uploads\/sites\/3\/2025\/02\/Custom-Colors-for-your-website-with-Add-to-Home-Screen-Premium-Plugin.png\" alt=\"Benutzerdefinierte Farben f\u00fcr Ihre Website mit dem Premium-Plugin \u201eZum Home-Bildschirm hinzuf\u00fcgen\u201c\" width=\"938\" height=\"750\" title=\"\" srcset=\"https:\/\/tulipemedia.com\/wp-content\/uploads\/sites\/3\/2025\/02\/Custom-Colors-for-your-website-with-Add-to-Home-Screen-Premium-Plugin.png 938w, https:\/\/tulipemedia.com\/wp-content\/uploads\/sites\/3\/2025\/02\/Custom-Colors-for-your-website-with-Add-to-Home-Screen-Premium-Plugin-300x240.png 300w, https:\/\/tulipemedia.com\/wp-content\/uploads\/sites\/3\/2025\/02\/Custom-Colors-for-your-website-with-Add-to-Home-Screen-Premium-Plugin-768x614.png 768w, https:\/\/tulipemedia.com\/wp-content\/uploads\/sites\/3\/2025\/02\/Custom-Colors-for-your-website-with-Add-to-Home-Screen-Premium-Plugin-15x12.png 15w, https:\/\/tulipemedia.com\/wp-content\/uploads\/sites\/3\/2025\/02\/Custom-Colors-for-your-website-with-Add-to-Home-Screen-Premium-Plugin-600x480.png 600w\" sizes=\"auto, (max-width: 938px) 100vw, 938px\" \/><figcaption id=\"caption-attachment-5574\" class=\"wp-caption-text\">Benutzerdefinierte Farben f\u00fcr Ihre Website mit dem Premium-Plugin \u201eZum Home-Bildschirm hinzuf\u00fcgen\u201c<\/figcaption><\/figure>\n<h2>\ud83e\ude84 <strong>Untere Navigationsleiste mit den Schaltfl\u00e4chen \u201eZur\u00fcck\u201c, \u201eVorw\u00e4rts\u201c und \u201eTeilen\u201c<\/strong><\/h2>\n<p>Das mobile Erlebnis ist nur dann vollst\u00e4ndig, wenn der Benutzer problemlos navigieren kann, <strong>wie in einer realen Anwendung<\/strong>. Dies ist jetzt mit der Premium-Version von Add to Home Screen &amp; Progressive Web App m\u00f6glich, die <strong>eine anpassbare untere Navigationsleiste f\u00fcr Ihre Web-App<\/strong>, mit den Tasten <strong>Zur\u00fcck, Weiter und Teilen<\/strong>.<\/p>\n<figure id=\"attachment_5673\" aria-describedby=\"caption-attachment-5673\" style=\"width: 1500px\" class=\"wp-caption aligncenter\"><img loading=\"lazy\" decoding=\"async\" class=\"size-full wp-image-5673\" src=\"https:\/\/tulipemedia.com\/wp-content\/uploads\/sites\/3\/2025\/02\/ATHS-Bottom-Navigation-Bar.png\" alt=\"Untere Navigationsleiste mit Share-Button\" width=\"1500\" height=\"1200\" title=\"\" srcset=\"https:\/\/tulipemedia.com\/wp-content\/uploads\/sites\/3\/2025\/02\/ATHS-Bottom-Navigation-Bar.png 1500w, https:\/\/tulipemedia.com\/wp-content\/uploads\/sites\/3\/2025\/02\/ATHS-Bottom-Navigation-Bar-300x240.png 300w, https:\/\/tulipemedia.com\/wp-content\/uploads\/sites\/3\/2025\/02\/ATHS-Bottom-Navigation-Bar-1024x819.png 1024w, https:\/\/tulipemedia.com\/wp-content\/uploads\/sites\/3\/2025\/02\/ATHS-Bottom-Navigation-Bar-768x614.png 768w, https:\/\/tulipemedia.com\/wp-content\/uploads\/sites\/3\/2025\/02\/ATHS-Bottom-Navigation-Bar-15x12.png 15w, https:\/\/tulipemedia.com\/wp-content\/uploads\/sites\/3\/2025\/02\/ATHS-Bottom-Navigation-Bar-600x480.png 600w\" sizes=\"auto, (max-width: 1500px) 100vw, 1500px\" \/><figcaption id=\"caption-attachment-5673\" class=\"wp-caption-text\">Untere Navigationsleiste mit Share-Button<\/figcaption><\/figure>\n<p>Diese Bar <strong>elegant<\/strong>, <strong>anpassbar an Ihre Markenfarben<\/strong>, verbessert die <strong>reibungslose Navigation<\/strong> f\u00fcr Ihre mobilen Besucher und verst\u00e4rken Sie gleichzeitig den \u201enative App\u201c-Aspekt Ihrer Site.<\/p>\n<p><strong>Die Share-Taste \u00f6ffnet das native Men\u00fc des Smartphones<\/strong>, damit Ihre Benutzer Ihre Site einfach verbreiten k\u00f6nnen.<\/p>\n<p>Ein noch intuitiveres und professionelleres Erlebnis, das Ihrer Web-App sowohl in Bezug auf Ergonomie als auch Benutzereinbindung einen echten Mehrwert verleiht!<\/p>\n<h2><strong data-start=\"889\" data-end=\"916\">\ud83d\udcc8 Installations\u00fcberwachung<\/strong><\/h2>\n<p>Verfolgen Sie mit detaillierten Statistiken (Aufteilung zwischen iOS und Android und Anzahl der aktiven Benutzer in den letzten 30 Tagen), wie viele Benutzer Ihre Web-App zu ihrem Startbildschirm hinzuf\u00fcgen.<\/p>\n<figure id=\"attachment_5565\" aria-describedby=\"caption-attachment-5565\" style=\"width: 1500px\" class=\"wp-caption aligncenter\"><img loading=\"lazy\" decoding=\"async\" class=\"wp-image-5565 size-full\" src=\"https:\/\/tulipemedia.com\/wp-content\/uploads\/sites\/3\/2025\/02\/Install-Reports-of-PWA-users-Add-to-Home-Screen-Pro.png\" alt=\"Installieren Sie Statistiken von PWA-Benutzern mit dem Premium-Plugin \u201eZum Home-Bildschirm hinzuf\u00fcgen\u201c\" width=\"1500\" height=\"1200\" title=\"\" srcset=\"https:\/\/tulipemedia.com\/wp-content\/uploads\/sites\/3\/2025\/02\/Install-Reports-of-PWA-users-Add-to-Home-Screen-Pro.png 1500w, https:\/\/tulipemedia.com\/wp-content\/uploads\/sites\/3\/2025\/02\/Install-Reports-of-PWA-users-Add-to-Home-Screen-Pro-300x240.png 300w, https:\/\/tulipemedia.com\/wp-content\/uploads\/sites\/3\/2025\/02\/Install-Reports-of-PWA-users-Add-to-Home-Screen-Pro-1024x819.png 1024w, https:\/\/tulipemedia.com\/wp-content\/uploads\/sites\/3\/2025\/02\/Install-Reports-of-PWA-users-Add-to-Home-Screen-Pro-768x614.png 768w, https:\/\/tulipemedia.com\/wp-content\/uploads\/sites\/3\/2025\/02\/Install-Reports-of-PWA-users-Add-to-Home-Screen-Pro-15x12.png 15w, https:\/\/tulipemedia.com\/wp-content\/uploads\/sites\/3\/2025\/02\/Install-Reports-of-PWA-users-Add-to-Home-Screen-Pro-1320x1056.png 1320w, https:\/\/tulipemedia.com\/wp-content\/uploads\/sites\/3\/2025\/02\/Install-Reports-of-PWA-users-Add-to-Home-Screen-Pro-600x480.png 600w\" sizes=\"auto, (max-width: 1500px) 100vw, 1500px\" \/><figcaption id=\"caption-attachment-5565\" class=\"wp-caption-text\">Installieren Sie Statistiken von PWA-Benutzern mit dem Premium-Plugin \u201eZum Home-Bildschirm hinzuf\u00fcgen\u201c<\/figcaption><\/figure>\n<h2 class=\"p1\">\u2728 <strong data-start=\"1338\" data-end=\"1366\">Erweiterte Multisite-Unterst\u00fctzung<\/strong><\/h2>\n<p class=\"p1\">Wenige Menschen wissen das, aber <em>Zum Home-Bildschirm und zur Progressive Web App hinzuf\u00fcgen<\/em> wurde auch gedacht <strong>f\u00fcr einzelne Sites sowie f\u00fcr Multisites auf WordPress<\/strong>Wenn Sie ein Netzwerk von Websites auf WordPress verwalten, k\u00f6nnen Sie daher die Einstellungen (Free und Pro) der Erweiterung verwalten <strong>auf der Ebene eines Multi-Site-Netzwerks<\/strong> F\u00fcr <strong>einheitliches Verhalten \u00fcber alle Unterseiten in Ihrem Netzwerk hinweg<\/strong>oder passen Sie die Erweiterungseinstellungen an <strong>f\u00fcr jede Unterseite<\/strong>, ganz nach Ihren Bed\u00fcrfnissen!<\/p>\n<p class=\"p1\">Dieser Ansatz ist ideal f\u00fcr diejenigen, die ein Netzwerk von Websites verwalten, wie etwa Restaurantketten, Franchiseunternehmen, Hotels oder Aggregatoren.<\/p>\n<p>Wenn Sie die Erweiterung auf Netzwerkebene konfigurieren m\u00f6chten, aktivieren Sie \u201eZum Home-Bildschirm und zur Progressive Web App hinzuf\u00fcgen\u201c auf Netzwerkebene und experimentieren Sie mit den Erweiterungsoptionen auf Netzwerkebene unter \u201eATHS-Netzwerkoptionen\u201c. Wenn Sie m\u00f6chten, dass Unterseiten ihre Einstellungen verwalten, deaktivieren Sie die Erweiterung auf Netzwerkebene und aktivieren Sie sie f\u00fcr Unterseiten im Netzwerk.<\/p>\n<figure id=\"attachment_5568\" aria-describedby=\"caption-attachment-5568\" style=\"width: 938px\" class=\"wp-caption aligncenter\"><img loading=\"lazy\" decoding=\"async\" class=\"size-full wp-image-5568\" src=\"https:\/\/tulipemedia.com\/wp-content\/uploads\/sites\/3\/2025\/02\/Add-to-Home-Screen-and-PWA-for-MultiSites-Network.png\" alt=\"Zum Home-Bildschirm und zu den PWA-Einstellungen f\u00fcr das MultiSites-Netzwerk hinzuf\u00fcgen\" width=\"938\" height=\"750\" title=\"\" srcset=\"https:\/\/tulipemedia.com\/wp-content\/uploads\/sites\/3\/2025\/02\/Add-to-Home-Screen-and-PWA-for-MultiSites-Network.png 938w, https:\/\/tulipemedia.com\/wp-content\/uploads\/sites\/3\/2025\/02\/Add-to-Home-Screen-and-PWA-for-MultiSites-Network-300x240.png 300w, https:\/\/tulipemedia.com\/wp-content\/uploads\/sites\/3\/2025\/02\/Add-to-Home-Screen-and-PWA-for-MultiSites-Network-768x614.png 768w, https:\/\/tulipemedia.com\/wp-content\/uploads\/sites\/3\/2025\/02\/Add-to-Home-Screen-and-PWA-for-MultiSites-Network-15x12.png 15w, https:\/\/tulipemedia.com\/wp-content\/uploads\/sites\/3\/2025\/02\/Add-to-Home-Screen-and-PWA-for-MultiSites-Network-600x480.png 600w\" sizes=\"auto, (max-width: 938px) 100vw, 938px\" \/><figcaption id=\"caption-attachment-5568\" class=\"wp-caption-text\">Zum Home-Bildschirm und zu den PWA-Einstellungen f\u00fcr das MultiSites-Netzwerk hinzuf\u00fcgen<\/figcaption><\/figure>\n<h2 class=\"p1\"><strong data-start=\"1338\" data-end=\"1366\">\ud83d\udd79\ufe0f Das WordPress Dashboard endlich in der Progressive Web App mit Add to Home Screen Premium<\/strong><\/h2>\n<p>Zum Home-Bildschirm hinzuf\u00fcgen &amp; Progressive Web App Premium-Version ist die einzige WordPress-Erweiterung, die Ihnen erlaubt, <strong>Verwandeln Sie das WordPress-Dashboard in eine PWA<\/strong>, das hei\u00dft in einem echten mobilen Erlebnis, das einer nativen Anwendung \u00e4hnelt.<\/p>\n<p>Ich brauchte eine solche Funktion tats\u00e4chlich f\u00fcr mehrere meiner Websites. <a href=\"https:\/\/merco6.com\" target=\"_blank\" rel=\"noopener\">Merco6<\/a> zum Beispiel, das ist meine Website f\u00fcr die Ver\u00f6ffentlichung von Texten und Gedichten, musste ich <strong>Best\u00e4tigen Sie von Benutzern \u00fcbermittelte Beitr\u00e4ge mit einem Fingertipp<\/strong>, <strong>ohne jedes Mal das WordPress-Dashboard \u00fcber meinen Safari- oder Google Chrome-Browser starten zu m\u00fcssen<\/strong>\u00dcber das Icon auf meinem Homescreen gelange ich auf die Liste der zu pr\u00fcfenden Artikel und muss diese dann nur noch online stellen. <strong>Einfach, praktisch, schnell und effizient<\/strong>.<\/p>\n<figure id=\"attachment_5635\" aria-describedby=\"caption-attachment-5635\" style=\"width: 900px\" class=\"wp-caption aligncenter\"><img loading=\"lazy\" decoding=\"async\" class=\"size-full wp-image-5635\" src=\"https:\/\/tulipemedia.com\/wp-content\/uploads\/sites\/3\/2025\/02\/ATHS-WordPress-Dashboard-in-PWA.gif\" alt=\"WordPress-Dashboard im PWA-Modus mit dem WP-Plugin \u201eZum Home-Bildschirm hinzuf\u00fcgen\u201c\" width=\"900\" height=\"720\" title=\"\"><figcaption id=\"caption-attachment-5635\" class=\"wp-caption-text\">WordPress-Dashboard im PWA-Modus mit dem WP-Plugin \u201eZum Home-Bildschirm hinzuf\u00fcgen\u201c<\/figcaption><\/figure>\n<p>Auch auf meiner SaaS-Site <a href=\"https:\/\/tulipwork.com\" target=\"_blank\" rel=\"noopener\">Tulpenarbeit<\/a>Ich vermarkte Online-L\u00f6sungen f\u00fcr Einzelh\u00e4ndler und Restaurants: insbesondere ein Tool zur Bestandsverwaltung und ein Tool zur Rechnungsverfolgung. <strong>Diese Tools sind f\u00fcr die direkte Verwendung im WordPress-Dashboard vorgesehen<\/strong>.<\/p>\n<p>Wenn der H\u00e4ndler \u2013 oder sein Mitarbeiter \u2013 jedes Mal den Browser starten muss, um sich beim WordPress-Dashboard anzumelden, <strong>Dies kann zu einem gewissen Widerstand f\u00fchren<\/strong>.<\/p>\n<p>Um meinen Benutzern ein echtes Erlebnis zu bieten und den Prozess zu optimieren, <strong>Ich habe die PWA im WordPress-Dashboard aktiviert<\/strong> in den Pro-Optionen meiner Erweiterung \u201eZum Home-Bildschirm hinzuf\u00fcgen &amp; Progressive Web App\u201c, die es meinen Kunden erm\u00f6glicht, das WordPress-Dashboard zum Home-Bildschirm ihres Smartphones hinzuzuf\u00fcgen und <strong>Starten Sie dieses Dashboard in PWA als echte mobile Anwendung<\/strong>, mit sanftem Ladevorgang zwischen den Seiten und vollst\u00e4ndig anpassbaren Farben.<\/p>\n<figure id=\"attachment_5570\" aria-describedby=\"caption-attachment-5570\" style=\"width: 900px\" class=\"wp-caption aligncenter\"><img loading=\"lazy\" decoding=\"async\" class=\"size-full wp-image-5570\" src=\"https:\/\/tulipemedia.com\/wp-content\/uploads\/sites\/3\/2025\/02\/Turn-the-WordPress-Dashboard-into-a-Progressive-Web-App-with-Add-to-Home-Screen-Premium-Plugin.gif\" alt=\"Verwandeln Sie das WordPress-Dashboard mit dem Premium-Plugin \u201eZum Home-Bildschirm hinzuf\u00fcgen\u201c in eine progressive Web-App\" width=\"900\" height=\"720\" title=\"\"><figcaption id=\"caption-attachment-5570\" class=\"wp-caption-text\">Verwandeln Sie das WordPress-Dashboard mit dem Premium-Plugin \u201eZum Home-Bildschirm hinzuf\u00fcgen\u201c in eine progressive Web-App<\/figcaption><\/figure>\n<p>Daher ist es viel wahrscheinlicher, dass Benutzer <strong>das Dashboard in ihrer Web-App verwenden<\/strong> anstatt den Browser des Smartphones zu verwenden. Das Starten des Tools \u00fcber <strong>Das zu ihrem Startbildschirm hinzugef\u00fcgte Symbol ist f\u00fcr sie viel einfacher<\/strong> als die Website-Adresse suchen und in die Suchleiste des Browsers eingeben zu m\u00fcssen, um darauf zuzugreifen.<\/p>\n<h2 class=\"p1\"><strong data-start=\"1338\" data-end=\"1366\">\ud83d\ude80 Geben Sie Ihrer Website, was sie verdient, mit Add to Home Screen Premium<\/strong><\/h2>\n<p>\ud83c\udf81 Steige jetzt auf und <strong>Holen Sie sich Ihre Premium-Lizenz. Scrollen Sie zur\u00fcck zum Seitenanfang, geben Sie Ihre Bestellung auf, laden Sie die Premium-Erweiterung herunter, aktivieren Sie sie zus\u00e4tzlich zur kostenlosen Erweiterung und geben Sie Ihren Lizenzschl\u00fcssel ein, den Sie von Ihrem Tulipemedia-Konto abrufen k\u00f6nnen.<\/strong><\/p>\n<p>\ud83d\uddd3\ufe0f Die Lizenz ist ein Jahr g\u00fcltig und Sie k\u00f6nnen nat\u00fcrlich <strong>das Abonnement beenden<\/strong>\u00a0unter \u201eZum Home-Bildschirm hinzuf\u00fcgen\u201c und \u201eProgressive Web App\u201c\u00a0<strong>jederzeit<\/strong>.<\/p>\n<p>\ud83d\udcf1\ud83d\udc40 <strong>Um die Demo zu sehen, schauen Sie sich die Pro-Version an auf <a class=\"\" href=\"https:\/\/merco6.com\" target=\"_blank\" rel=\"noopener\" data-start=\"120\" data-end=\"152\">merco6.com<\/a> \u2014 mobile Ansicht empfohlen. <\/strong>Dort sehen Sie den attraktiven und personalisierten Tooltip, den <strong data-start=\"200\" data-end=\"234\">benutzerdefinierte obere Leiste in Site-Farben<\/strong> und die <strong data-start=\"241\" data-end=\"266\">Ladekreisel<\/strong> In Aktion \u2013 vollst\u00e4ndig anpassbare Elemente in der Premium-Version. Laden Sie merco6 als Web-App auf Ihr Smartphone herunter, um die Erweiterung wie jeder andere Besucher zu testen.<\/p>","protected":false},"excerpt":{"rendered":"<p class=\"p1\">\ud83c\udf1f <strong>Schalten Sie Premiumfunktionen frei<\/strong> der WordPress-Erweiterung <a href=\"https:\/\/wordpress.org\/plugins\/add-to-home-screen-wp\/\" target=\"_blank\" rel=\"noopener\">Zum Home-Bildschirm und zur Progressive Web App hinzuf\u00fcgen<\/a>, einschlie\u00dflich:<\/p>\n<ul>\n<li class=\"p1\">DER <strong>Ladekreisel<\/strong> zwischen den Seiten<\/li>\n<li class=\"p1\">Die Funktionalit\u00e4t <strong>\u201eZum Aktualisieren ziehen\u201c<\/strong><\/li>\n<li>Dort <strong>Navigationsleiste<\/strong> senken mit <strong>Schaltfl\u00e4chen \u201eZur\u00fcck\u201c, \u201eWeiter\u201c und \u201eTeilen\u201c<\/strong><\/li>\n<li class=\"p1\">Dort <strong>Umwandlung des WordPress-Dashboards in eine echte mobile Web-App<\/strong><\/li>\n<li class=\"p1\">DER <strong>\u00dcberwachung von Anlagen<\/strong> und aktive Benutzer Ihrer Web-App<\/li>\n<li class=\"p1\">Dort <strong>Anpassung<\/strong> Farben und Symbole und vieles mehr kommt noch \u2026<\/li>\n<\/ul>\n<p>Die Lizenz ist ein Jahr g\u00fcltig und Sie k\u00f6nnen nat\u00fcrlich <strong>das Abonnement beenden<\/strong> unter \u201eZum Home-Bildschirm hinzuf\u00fcgen\u201c und \u201eProgressive Web App\u201c <strong>jederzeit<\/strong>.<\/p>","protected":false},"featured_media":5539,"comment_status":"open","ping_status":"closed","template":"","meta":[],"product_brand":[],"product_cat":[149],"product_tag":[],"class_list":{"0":"post-4595","1":"product","2":"type-product","3":"status-publish","4":"has-post-thumbnail","6":"product_cat-plugins-wp","8":"first","9":"instock","10":"downloadable","11":"virtual","12":"purchasable","13":"product-type-subscription"},"_links":{"self":[{"href":"https:\/\/tulipemedia.com\/de\/wp-json\/wp\/v2\/product\/4595","targetHints":{"allow":["GET"]}}],"collection":[{"href":"https:\/\/tulipemedia.com\/de\/wp-json\/wp\/v2\/product"}],"about":[{"href":"https:\/\/tulipemedia.com\/de\/wp-json\/wp\/v2\/types\/product"}],"replies":[{"embeddable":true,"href":"https:\/\/tulipemedia.com\/de\/wp-json\/wp\/v2\/comments?post=4595"}],"version-history":[{"count":4,"href":"https:\/\/tulipemedia.com\/de\/wp-json\/wp\/v2\/product\/4595\/revisions"}],"predecessor-version":[{"id":5677,"href":"https:\/\/tulipemedia.com\/de\/wp-json\/wp\/v2\/product\/4595\/revisions\/5677"}],"wp:featuredmedia":[{"embeddable":true,"href":"https:\/\/tulipemedia.com\/de\/wp-json\/wp\/v2\/media\/5539"}],"wp:attachment":[{"href":"https:\/\/tulipemedia.com\/de\/wp-json\/wp\/v2\/media?parent=4595"}],"wp:term":[{"taxonomy":"product_brand","embeddable":true,"href":"https:\/\/tulipemedia.com\/de\/wp-json\/wp\/v2\/product_brand?post=4595"},{"taxonomy":"product_cat","embeddable":true,"href":"https:\/\/tulipemedia.com\/de\/wp-json\/wp\/v2\/product_cat?post=4595"},{"taxonomy":"product_tag","embeddable":true,"href":"https:\/\/tulipemedia.com\/de\/wp-json\/wp\/v2\/product_tag?post=4595"}],"curies":[{"name":"wp","href":"https:\/\/api.w.org\/{rel}","templated":true}]}}